{"id":158,"date":"2017-11-15T10:50:01","date_gmt":"2017-11-15T09:50:01","guid":{"rendered":"http:\/\/wp.dialogos-dolmetschen.de\/?page_id=158"},"modified":"2021-09-22T16:29:23","modified_gmt":"2021-09-22T14:29:23","slug":"konferenzberatung","status":"publish","type":"page","link":"https:\/\/dialogos-dolmetschen.de\/fr\/konferenzberatung\/","title":{"rendered":"Conseil en organisation"},"content":{"rendered":"<p><strong>Conseil en organisation de conf\u00e9rences<\/strong><\/p>\n<p>Profitez de notre exp\u00e9rience pour nous confier l&rsquo;organisation des aspects linguistiques de votre conf\u00e9rence.<\/p>\n<ul style=\"list-style-type: circle;\">\n<li>Dans le cas de r\u00e9unions avec plusieurs langues \u00e9trang\u00e8res, nous organisons pour vous une \u00e9quipe d&rsquo;interpr\u00e8tes professionnels, en fonction des langues demand\u00e9es et du th\u00e8me trait\u00e9.<\/li>\n<li>En outre, nous pouvons organiser pour vous les aspects techniques autour de l&rsquo;interpr\u00e9tation. Nous entretenons depuis de nombreuses ann\u00e9es un partenariat avec des prestataires sp\u00e9cialis\u00e9s et vous proposons un rapport prix-prestations int\u00e9ressant.<\/li>\n<li>Traduction des documents \u00e9crits dans le cadre de votre r\u00e9union\/conf\u00e9rence (invitations, pr\u00e9sentations, courriers, etc.) dans les langues souhait\u00e9es.<\/li>\n<\/ul>\n","protected":false},"excerpt":{"rendered":"<p>Conseil en organisation de conf\u00e9rences Profitez de notre exp\u00e9rience pour nous confier l&rsquo;organisation des aspects linguistiques de votre conf\u00e9rence. Dans le cas de r\u00e9unions avec plusieurs langues \u00e9trang\u00e8res, nous organisons pour vous une \u00e9quipe d&rsquo;interpr\u00e8tes professionnels, en fonction des langues demand\u00e9es et du th\u00e8me trait\u00e9. En outre, nous pouvons organiser &hellip;<\/p>\n","protected":false},"author":2,"featured_media":553,"parent":0,"menu_order":0,"comment_status":"closed","ping_status":"closed","template":"","meta":{"footnotes":""},"class_list":["post-158","page","type-page","status-publish","has-post-thumbnail","hentry"],"yoast_head":"<!-- This site is optimized with the Yoast SEO plugin v27.3 - https:\/\/yoast.com\/product\/yoast-seo-wordpress\/ -->\n<title>dialogos dolmetschen | Freiburg - Conseil en organisation<\/title>\n<meta name=\"robots\" content=\"index, follow, max-snippet:-1, max-image-preview:large, max-video-preview:-1\" \/>\n<link rel=\"canonical\" href=\"https:\/\/dialogos-dolmetschen.de\/konferenzberatung\/\" \/>\n<meta property=\"og:locale\" content=\"fr_FR\" \/>\n<meta property=\"og:type\" content=\"article\" \/>\n<meta property=\"og:title\" content=\"dialogos dolmetschen | Freiburg - Conseil en organisation\" \/>\n<meta property=\"og:description\" content=\"Conseil en organisation de conf\u00e9rences Profitez de notre exp\u00e9rience pour nous confier l&rsquo;organisation des aspects linguistiques de votre conf\u00e9rence. Dans le cas de r\u00e9unions avec plusieurs langues \u00e9trang\u00e8res, nous organisons pour vous une \u00e9quipe d&rsquo;interpr\u00e8tes professionnels, en fonction des langues demand\u00e9es et du th\u00e8me trait\u00e9. En outre, nous pouvons organiser &hellip;\" \/>\n<meta property=\"og:url\" content=\"https:\/\/dialogos-dolmetschen.de\/konferenzberatung\/\" \/>\n<meta property=\"og:site_name\" content=\"dialogos dolmetschen | Freiburg\" \/>\n<meta property=\"article:modified_time\" content=\"2021-09-22T14:29:23+00:00\" \/>\n<meta property=\"og:image\" content=\"https:\/\/dialogos-dolmetschen.de\/wp-content\/uploads\/2017\/12\/pult1920x600.jpg\" \/>\n\t<meta property=\"og:image:width\" content=\"1920\" \/>\n\t<meta property=\"og:image:height\" content=\"600\" \/>\n\t<meta property=\"og:image:type\" content=\"image\/jpeg\" \/>\n<meta name=\"twitter:card\" content=\"summary_large_image\" \/>\n<meta name=\"twitter:label1\" content=\"Dur\u00e9e de lecture estim\u00e9e\" \/>\n\t<meta name=\"twitter:data1\" content=\"1 minute\" \/>\n<script type=\"application\/ld+json\" class=\"yoast-schema-graph\">{\"@context\":\"https:\\\/\\\/schema.org\",\"@graph\":[{\"@type\":\"WebPage\",\"@id\":\"https:\\\/\\\/dialogos-dolmetschen.de\\\/konferenzberatung\\\/\",\"url\":\"https:\\\/\\\/dialogos-dolmetschen.de\\\/konferenzberatung\\\/\",\"name\":\"dialogos dolmetschen | Freiburg - Conseil en organisation\",\"isPartOf\":{\"@id\":\"https:\\\/\\\/dialogos-dolmetschen.de\\\/#website\"},\"primaryImageOfPage\":{\"@id\":\"https:\\\/\\\/dialogos-dolmetschen.de\\\/konferenzberatung\\\/#primaryimage\"},\"image\":{\"@id\":\"https:\\\/\\\/dialogos-dolmetschen.de\\\/konferenzberatung\\\/#primaryimage\"},\"thumbnailUrl\":\"https:\\\/\\\/dialogos-dolmetschen.de\\\/wp-content\\\/uploads\\\/2017\\\/12\\\/pult1920x600.jpg\",\"datePublished\":\"2017-11-15T09:50:01+00:00\",\"dateModified\":\"2021-09-22T14:29:23+00:00\",\"breadcrumb\":{\"@id\":\"https:\\\/\\\/dialogos-dolmetschen.de\\\/konferenzberatung\\\/#breadcrumb\"},\"inLanguage\":\"fr-FR\",\"potentialAction\":[{\"@type\":\"ReadAction\",\"target\":[\"https:\\\/\\\/dialogos-dolmetschen.de\\\/konferenzberatung\\\/\"]}]},{\"@type\":\"ImageObject\",\"inLanguage\":\"fr-FR\",\"@id\":\"https:\\\/\\\/dialogos-dolmetschen.de\\\/konferenzberatung\\\/#primaryimage\",\"url\":\"https:\\\/\\\/dialogos-dolmetschen.de\\\/wp-content\\\/uploads\\\/2017\\\/12\\\/pult1920x600.jpg\",\"contentUrl\":\"https:\\\/\\\/dialogos-dolmetschen.de\\\/wp-content\\\/uploads\\\/2017\\\/12\\\/pult1920x600.jpg\",\"width\":1920,\"height\":600},{\"@type\":\"BreadcrumbList\",\"@id\":\"https:\\\/\\\/dialogos-dolmetschen.de\\\/konferenzberatung\\\/#breadcrumb\",\"itemListElement\":[{\"@type\":\"ListItem\",\"position\":1,\"name\":\"Startseite\",\"item\":\"https:\\\/\\\/dialogos-dolmetschen.de\\\/\"},{\"@type\":\"ListItem\",\"position\":2,\"name\":\"Konferenzberatung\"}]},{\"@type\":\"WebSite\",\"@id\":\"https:\\\/\\\/dialogos-dolmetschen.de\\\/#website\",\"url\":\"https:\\\/\\\/dialogos-dolmetschen.de\\\/\",\"name\":\"dialogos dolmetschen | Freiburg\",\"description\":\"\",\"publisher\":{\"@id\":\"https:\\\/\\\/dialogos-dolmetschen.de\\\/#organization\"},\"potentialAction\":[{\"@type\":\"SearchAction\",\"target\":{\"@type\":\"EntryPoint\",\"urlTemplate\":\"https:\\\/\\\/dialogos-dolmetschen.de\\\/?s={search_term_string}\"},\"query-input\":{\"@type\":\"PropertyValueSpecification\",\"valueRequired\":true,\"valueName\":\"search_term_string\"}}],\"inLanguage\":\"fr-FR\"},{\"@type\":\"Organization\",\"@id\":\"https:\\\/\\\/dialogos-dolmetschen.de\\\/#organization\",\"name\":\"dialogos dolmetschen\",\"url\":\"https:\\\/\\\/dialogos-dolmetschen.de\\\/\",\"logo\":{\"@type\":\"ImageObject\",\"inLanguage\":\"fr-FR\",\"@id\":\"https:\\\/\\\/dialogos-dolmetschen.de\\\/#\\\/schema\\\/logo\\\/image\\\/\",\"url\":\"https:\\\/\\\/dialogos-dolmetschen.de\\\/wp-content\\\/uploads\\\/2017\\\/11\\\/logo.png\",\"contentUrl\":\"https:\\\/\\\/dialogos-dolmetschen.de\\\/wp-content\\\/uploads\\\/2017\\\/11\\\/logo.png\",\"width\":420,\"height\":206,\"caption\":\"dialogos dolmetschen\"},\"image\":{\"@id\":\"https:\\\/\\\/dialogos-dolmetschen.de\\\/#\\\/schema\\\/logo\\\/image\\\/\"}}]}<\/script>\n<!-- \/ Yoast SEO plugin. -->","yoast_head_json":{"title":"dialogos dolmetschen | Freiburg - Conseil en organisation","robots":{"index":"index","follow":"follow","max-snippet":"max-snippet:-1","max-image-preview":"max-image-preview:large","max-video-preview":"max-video-preview:-1"},"canonical":"https:\/\/dialogos-dolmetschen.de\/konferenzberatung\/","og_locale":"fr_FR","og_type":"article","og_title":"dialogos dolmetschen | Freiburg - Conseil en organisation","og_description":"Conseil en organisation de conf\u00e9rences Profitez de notre exp\u00e9rience pour nous confier l&rsquo;organisation des aspects linguistiques de votre conf\u00e9rence. Dans le cas de r\u00e9unions avec plusieurs langues \u00e9trang\u00e8res, nous organisons pour vous une \u00e9quipe d&rsquo;interpr\u00e8tes professionnels, en fonction des langues demand\u00e9es et du th\u00e8me trait\u00e9. En outre, nous pouvons organiser &hellip;","og_url":"https:\/\/dialogos-dolmetschen.de\/konferenzberatung\/","og_site_name":"dialogos dolmetschen | Freiburg","article_modified_time":"2021-09-22T14:29:23+00:00","og_image":[{"width":1920,"height":600,"url":"https:\/\/dialogos-dolmetschen.de\/wp-content\/uploads\/2017\/12\/pult1920x600.jpg","type":"image\/jpeg"}],"twitter_card":"summary_large_image","twitter_misc":{"Dur\u00e9e de lecture estim\u00e9e":"1 minute"},"schema":{"@context":"https:\/\/schema.org","@graph":[{"@type":"WebPage","@id":"https:\/\/dialogos-dolmetschen.de\/konferenzberatung\/","url":"https:\/\/dialogos-dolmetschen.de\/konferenzberatung\/","name":"dialogos dolmetschen | Freiburg - Conseil en organisation","isPartOf":{"@id":"https:\/\/dialogos-dolmetschen.de\/#website"},"primaryImageOfPage":{"@id":"https:\/\/dialogos-dolmetschen.de\/konferenzberatung\/#primaryimage"},"image":{"@id":"https:\/\/dialogos-dolmetschen.de\/konferenzberatung\/#primaryimage"},"thumbnailUrl":"https:\/\/dialogos-dolmetschen.de\/wp-content\/uploads\/2017\/12\/pult1920x600.jpg","datePublished":"2017-11-15T09:50:01+00:00","dateModified":"2021-09-22T14:29:23+00:00","breadcrumb":{"@id":"https:\/\/dialogos-dolmetschen.de\/konferenzberatung\/#breadcrumb"},"inLanguage":"fr-FR","potentialAction":[{"@type":"ReadAction","target":["https:\/\/dialogos-dolmetschen.de\/konferenzberatung\/"]}]},{"@type":"ImageObject","inLanguage":"fr-FR","@id":"https:\/\/dialogos-dolmetschen.de\/konferenzberatung\/#primaryimage","url":"https:\/\/dialogos-dolmetschen.de\/wp-content\/uploads\/2017\/12\/pult1920x600.jpg","contentUrl":"https:\/\/dialogos-dolmetschen.de\/wp-content\/uploads\/2017\/12\/pult1920x600.jpg","width":1920,"height":600},{"@type":"BreadcrumbList","@id":"https:\/\/dialogos-dolmetschen.de\/konferenzberatung\/#breadcrumb","itemListElement":[{"@type":"ListItem","position":1,"name":"Startseite","item":"https:\/\/dialogos-dolmetschen.de\/"},{"@type":"ListItem","position":2,"name":"Konferenzberatung"}]},{"@type":"WebSite","@id":"https:\/\/dialogos-dolmetschen.de\/#website","url":"https:\/\/dialogos-dolmetschen.de\/","name":"dialogos dolmetschen | Freiburg","description":"","publisher":{"@id":"https:\/\/dialogos-dolmetschen.de\/#organization"},"potentialAction":[{"@type":"SearchAction","target":{"@type":"EntryPoint","urlTemplate":"https:\/\/dialogos-dolmetschen.de\/?s={search_term_string}"},"query-input":{"@type":"PropertyValueSpecification","valueRequired":true,"valueName":"search_term_string"}}],"inLanguage":"fr-FR"},{"@type":"Organization","@id":"https:\/\/dialogos-dolmetschen.de\/#organization","name":"dialogos dolmetschen","url":"https:\/\/dialogos-dolmetschen.de\/","logo":{"@type":"ImageObject","inLanguage":"fr-FR","@id":"https:\/\/dialogos-dolmetschen.de\/#\/schema\/logo\/image\/","url":"https:\/\/dialogos-dolmetschen.de\/wp-content\/uploads\/2017\/11\/logo.png","contentUrl":"https:\/\/dialogos-dolmetschen.de\/wp-content\/uploads\/2017\/11\/logo.png","width":420,"height":206,"caption":"dialogos dolmetschen"},"image":{"@id":"https:\/\/dialogos-dolmetschen.de\/#\/schema\/logo\/image\/"}}]}},"_links":{"self":[{"href":"https:\/\/dialogos-dolmetschen.de\/fr\/wp-json\/wp\/v2\/pages\/158","targetHints":{"allow":["GET"]}}],"collection":[{"href":"https:\/\/dialogos-dolmetschen.de\/fr\/wp-json\/wp\/v2\/pages"}],"about":[{"href":"https:\/\/dialogos-dolmetschen.de\/fr\/wp-json\/wp\/v2\/types\/page"}],"author":[{"embeddable":true,"href":"https:\/\/dialogos-dolmetschen.de\/fr\/wp-json\/wp\/v2\/users\/2"}],"replies":[{"embeddable":true,"href":"https:\/\/dialogos-dolmetschen.de\/fr\/wp-json\/wp\/v2\/comments?post=158"}],"version-history":[{"count":12,"href":"https:\/\/dialogos-dolmetschen.de\/fr\/wp-json\/wp\/v2\/pages\/158\/revisions"}],"predecessor-version":[{"id":739,"href":"https:\/\/dialogos-dolmetschen.de\/fr\/wp-json\/wp\/v2\/pages\/158\/revisions\/739"}],"wp:featuredmedia":[{"embeddable":true,"href":"https:\/\/dialogos-dolmetschen.de\/fr\/wp-json\/wp\/v2\/media\/553"}],"wp:attachment":[{"href":"https:\/\/dialogos-dolmetschen.de\/fr\/wp-json\/wp\/v2\/media?parent=158"}],"curies":[{"name":"wp","href":"https:\/\/api.w.org\/{rel}","templated":true}]}}