{"id":165,"date":"2017-11-15T10:51:56","date_gmt":"2017-11-15T09:51:56","guid":{"rendered":"http:\/\/wp.dialogos-dolmetschen.de\/?page_id=165"},"modified":"2018-01-08T11:02:44","modified_gmt":"2018-01-08T10:02:44","slug":"kontakt","status":"publish","type":"page","link":"https:\/\/dialogos-dolmetschen.de\/fr\/kontakt\/","title":{"rendered":"Contact"},"content":{"rendered":"<h6>Contact<\/h6>\n<p>&nbsp;<\/p>\n<p>&nbsp;<\/p>\n<p><strong>E-mail:<\/strong><br \/>\n<strong>info@dialogos-dolmetschen.de<\/strong><br \/>\n<strong> rstruebe@dialogos-dolmetschen.de<\/strong><br \/>\n<strong> fmorelf@dialogos-dolmetschen.de<\/strong><\/p>\n<p>&nbsp;<\/p>\n<p><strong>num\u00e9ro de t\u00e9l\u00e9phone:<\/strong><br \/>\n0761 2922733<\/p>\n<p><strong>mobile:<\/strong><br \/>\nRegina Str\u00fcbe: +49 172 7452999<br \/>\nFran\u00e7ois Morel-Fourrier: +49 172 6268065<\/p>\n<p>&nbsp;<\/p>\n<p>dialogos GbR<br \/>\nRegina Str\u00fcbe, Fran\u00e7ois Morel-Fourrier<br \/>\nSkagerrakstra\u00dfe 1<br \/>\n79100 Freiburg<\/p>\n<p>&nbsp;<\/p>\n<p><strong>adresse postale:<\/strong><br \/>\nIm Laimacker 37<br \/>\n79249 Merzhausen<\/p>\n<p>&nbsp;<\/p>\n","protected":false},"excerpt":{"rendered":"<p>Contact &nbsp; &nbsp; E-mail: info@dialogos-dolmetschen.de rstruebe@dialogos-dolmetschen.de fmorelf@dialogos-dolmetschen.de &nbsp; num\u00e9ro de t\u00e9l\u00e9phone: 0761 2922733 mobile: Regina Str\u00fcbe: +49 172 7452999 Fran\u00e7ois Morel-Fourrier: +49 172 6268065 &nbsp; dialogos GbR Regina Str\u00fcbe, Fran\u00e7ois Morel-Fourrier Skagerrakstra\u00dfe 1 79100 Freiburg &nbsp; adresse postale: Im Laimacker 37 79249 Merzhausen &nbsp;<\/p>\n","protected":false},"author":2,"featured_media":0,"parent":0,"menu_order":0,"comment_status":"closed","ping_status":"closed","template":"","meta":{"footnotes":""},"class_list":["post-165","page","type-page","status-publish","hentry"],"yoast_head":"<!-- This site is optimized with the Yoast SEO plugin v27.3 - https:\/\/yoast.com\/product\/yoast-seo-wordpress\/ -->\n<title>dialogos dolmetschen | Freiburg - Contact<\/title>\n<meta name=\"robots\" content=\"index, follow, max-snippet:-1, max-image-preview:large, max-video-preview:-1\" \/>\n<link rel=\"canonical\" href=\"https:\/\/dialogos-dolmetschen.de\/en\/kontakt\/\" \/>\n<meta property=\"og:locale\" content=\"fr_FR\" \/>\n<meta property=\"og:type\" content=\"article\" \/>\n<meta property=\"og:title\" content=\"dialogos dolmetschen | Freiburg - Contact\" \/>\n<meta property=\"og:description\" content=\"Contact &nbsp; &nbsp; E-mail: info@dialogos-dolmetschen.de rstruebe@dialogos-dolmetschen.de fmorelf@dialogos-dolmetschen.de &nbsp; num\u00e9ro de t\u00e9l\u00e9phone: 0761 2922733 mobile: Regina Str\u00fcbe: +49 172 7452999 Fran\u00e7ois Morel-Fourrier: +49 172 6268065 &nbsp; dialogos GbR Regina Str\u00fcbe, Fran\u00e7ois Morel-Fourrier Skagerrakstra\u00dfe 1 79100 Freiburg &nbsp; adresse postale: Im Laimacker 37 79249 Merzhausen &nbsp;\" \/>\n<meta property=\"og:url\" content=\"https:\/\/dialogos-dolmetschen.de\/en\/kontakt\/\" \/>\n<meta property=\"og:site_name\" content=\"dialogos dolmetschen | Freiburg\" \/>\n<meta property=\"article:modified_time\" content=\"2018-01-08T10:02:44+00:00\" \/>\n<meta name=\"twitter:card\" content=\"summary_large_image\" \/>\n<script type=\"application\/ld+json\" class=\"yoast-schema-graph\">{\"@context\":\"https:\\\/\\\/schema.org\",\"@graph\":[{\"@type\":\"WebPage\",\"@id\":\"https:\\\/\\\/dialogos-dolmetschen.de\\\/en\\\/kontakt\\\/\",\"url\":\"https:\\\/\\\/dialogos-dolmetschen.de\\\/en\\\/kontakt\\\/\",\"name\":\"dialogos dolmetschen | Freiburg - Contact\",\"isPartOf\":{\"@id\":\"https:\\\/\\\/dialogos-dolmetschen.de\\\/#website\"},\"datePublished\":\"2017-11-15T09:51:56+00:00\",\"dateModified\":\"2018-01-08T10:02:44+00:00\",\"breadcrumb\":{\"@id\":\"https:\\\/\\\/dialogos-dolmetschen.de\\\/en\\\/kontakt\\\/#breadcrumb\"},\"inLanguage\":\"fr-FR\",\"potentialAction\":[{\"@type\":\"ReadAction\",\"target\":[\"https:\\\/\\\/dialogos-dolmetschen.de\\\/en\\\/kontakt\\\/\"]}]},{\"@type\":\"BreadcrumbList\",\"@id\":\"https:\\\/\\\/dialogos-dolmetschen.de\\\/en\\\/kontakt\\\/#breadcrumb\",\"itemListElement\":[{\"@type\":\"ListItem\",\"position\":1,\"name\":\"Startseite\",\"item\":\"https:\\\/\\\/dialogos-dolmetschen.de\\\/\"},{\"@type\":\"ListItem\",\"position\":2,\"name\":\"Contact\"}]},{\"@type\":\"WebSite\",\"@id\":\"https:\\\/\\\/dialogos-dolmetschen.de\\\/#website\",\"url\":\"https:\\\/\\\/dialogos-dolmetschen.de\\\/\",\"name\":\"dialogos dolmetschen | Freiburg\",\"description\":\"\",\"publisher\":{\"@id\":\"https:\\\/\\\/dialogos-dolmetschen.de\\\/#organization\"},\"potentialAction\":[{\"@type\":\"SearchAction\",\"target\":{\"@type\":\"EntryPoint\",\"urlTemplate\":\"https:\\\/\\\/dialogos-dolmetschen.de\\\/?s={search_term_string}\"},\"query-input\":{\"@type\":\"PropertyValueSpecification\",\"valueRequired\":true,\"valueName\":\"search_term_string\"}}],\"inLanguage\":\"fr-FR\"},{\"@type\":\"Organization\",\"@id\":\"https:\\\/\\\/dialogos-dolmetschen.de\\\/#organization\",\"name\":\"dialogos dolmetschen\",\"url\":\"https:\\\/\\\/dialogos-dolmetschen.de\\\/\",\"logo\":{\"@type\":\"ImageObject\",\"inLanguage\":\"fr-FR\",\"@id\":\"https:\\\/\\\/dialogos-dolmetschen.de\\\/#\\\/schema\\\/logo\\\/image\\\/\",\"url\":\"https:\\\/\\\/dialogos-dolmetschen.de\\\/wp-content\\\/uploads\\\/2017\\\/11\\\/logo.png\",\"contentUrl\":\"https:\\\/\\\/dialogos-dolmetschen.de\\\/wp-content\\\/uploads\\\/2017\\\/11\\\/logo.png\",\"width\":420,\"height\":206,\"caption\":\"dialogos dolmetschen\"},\"image\":{\"@id\":\"https:\\\/\\\/dialogos-dolmetschen.de\\\/#\\\/schema\\\/logo\\\/image\\\/\"}}]}<\/script>\n<!-- \/ Yoast SEO plugin. -->","yoast_head_json":{"title":"dialogos dolmetschen | Freiburg - Contact","robots":{"index":"index","follow":"follow","max-snippet":"max-snippet:-1","max-image-preview":"max-image-preview:large","max-video-preview":"max-video-preview:-1"},"canonical":"https:\/\/dialogos-dolmetschen.de\/en\/kontakt\/","og_locale":"fr_FR","og_type":"article","og_title":"dialogos dolmetschen | Freiburg - Contact","og_description":"Contact &nbsp; &nbsp; E-mail: info@dialogos-dolmetschen.de rstruebe@dialogos-dolmetschen.de fmorelf@dialogos-dolmetschen.de &nbsp; num\u00e9ro de t\u00e9l\u00e9phone: 0761 2922733 mobile: Regina Str\u00fcbe: +49 172 7452999 Fran\u00e7ois Morel-Fourrier: +49 172 6268065 &nbsp; dialogos GbR Regina Str\u00fcbe, Fran\u00e7ois Morel-Fourrier Skagerrakstra\u00dfe 1 79100 Freiburg &nbsp; adresse postale: Im Laimacker 37 79249 Merzhausen &nbsp;","og_url":"https:\/\/dialogos-dolmetschen.de\/en\/kontakt\/","og_site_name":"dialogos dolmetschen | Freiburg","article_modified_time":"2018-01-08T10:02:44+00:00","twitter_card":"summary_large_image","schema":{"@context":"https:\/\/schema.org","@graph":[{"@type":"WebPage","@id":"https:\/\/dialogos-dolmetschen.de\/en\/kontakt\/","url":"https:\/\/dialogos-dolmetschen.de\/en\/kontakt\/","name":"dialogos dolmetschen | Freiburg - Contact","isPartOf":{"@id":"https:\/\/dialogos-dolmetschen.de\/#website"},"datePublished":"2017-11-15T09:51:56+00:00","dateModified":"2018-01-08T10:02:44+00:00","breadcrumb":{"@id":"https:\/\/dialogos-dolmetschen.de\/en\/kontakt\/#breadcrumb"},"inLanguage":"fr-FR","potentialAction":[{"@type":"ReadAction","target":["https:\/\/dialogos-dolmetschen.de\/en\/kontakt\/"]}]},{"@type":"BreadcrumbList","@id":"https:\/\/dialogos-dolmetschen.de\/en\/kontakt\/#breadcrumb","itemListElement":[{"@type":"ListItem","position":1,"name":"Startseite","item":"https:\/\/dialogos-dolmetschen.de\/"},{"@type":"ListItem","position":2,"name":"Contact"}]},{"@type":"WebSite","@id":"https:\/\/dialogos-dolmetschen.de\/#website","url":"https:\/\/dialogos-dolmetschen.de\/","name":"dialogos dolmetschen | Freiburg","description":"","publisher":{"@id":"https:\/\/dialogos-dolmetschen.de\/#organization"},"potentialAction":[{"@type":"SearchAction","target":{"@type":"EntryPoint","urlTemplate":"https:\/\/dialogos-dolmetschen.de\/?s={search_term_string}"},"query-input":{"@type":"PropertyValueSpecification","valueRequired":true,"valueName":"search_term_string"}}],"inLanguage":"fr-FR"},{"@type":"Organization","@id":"https:\/\/dialogos-dolmetschen.de\/#organization","name":"dialogos dolmetschen","url":"https:\/\/dialogos-dolmetschen.de\/","logo":{"@type":"ImageObject","inLanguage":"fr-FR","@id":"https:\/\/dialogos-dolmetschen.de\/#\/schema\/logo\/image\/","url":"https:\/\/dialogos-dolmetschen.de\/wp-content\/uploads\/2017\/11\/logo.png","contentUrl":"https:\/\/dialogos-dolmetschen.de\/wp-content\/uploads\/2017\/11\/logo.png","width":420,"height":206,"caption":"dialogos dolmetschen"},"image":{"@id":"https:\/\/dialogos-dolmetschen.de\/#\/schema\/logo\/image\/"}}]}},"_links":{"self":[{"href":"https:\/\/dialogos-dolmetschen.de\/fr\/wp-json\/wp\/v2\/pages\/165","targetHints":{"allow":["GET"]}}],"collection":[{"href":"https:\/\/dialogos-dolmetschen.de\/fr\/wp-json\/wp\/v2\/pages"}],"about":[{"href":"https:\/\/dialogos-dolmetschen.de\/fr\/wp-json\/wp\/v2\/types\/page"}],"author":[{"embeddable":true,"href":"https:\/\/dialogos-dolmetschen.de\/fr\/wp-json\/wp\/v2\/users\/2"}],"replies":[{"embeddable":true,"href":"https:\/\/dialogos-dolmetschen.de\/fr\/wp-json\/wp\/v2\/comments?post=165"}],"version-history":[{"count":21,"href":"https:\/\/dialogos-dolmetschen.de\/fr\/wp-json\/wp\/v2\/pages\/165\/revisions"}],"predecessor-version":[{"id":665,"href":"https:\/\/dialogos-dolmetschen.de\/fr\/wp-json\/wp\/v2\/pages\/165\/revisions\/665"}],"wp:attachment":[{"href":"https:\/\/dialogos-dolmetschen.de\/fr\/wp-json\/wp\/v2\/media?parent=165"}],"curies":[{"name":"wp","href":"https:\/\/api.w.org\/{rel}","templated":true}]}}